{"id":3188,"date":"2014-04-17T09:45:18","date_gmt":"2014-04-17T07:45:18","guid":{"rendered":"http:\/\/www.amlusthaus.de\/?page_id=3188"},"modified":"2017-12-05T19:46:35","modified_gmt":"2017-12-05T17:46:35","slug":"wir-wollen-ihn-behalten","status":"publish","type":"page","link":"https:\/\/www.amlusthaus.de\/?page_id=3188","title":{"rendered":"&#8218;Am Lusthaus&#8216; in den Medien"},"content":{"rendered":"<p>Eine Grundst\u00fcckseigent\u00fcmerin klagte gegen die K\u00f6lner Stadtverwaltung um die Erstbenennung unserer Stra\u00dfe in &#8218;Am Lusthaus&#8216; zu verhindern.<\/p>\n<p>Die Mehrheit der Grundst\u00fccksk\u00e4ufer ist mittlerweile F\u00dcR diesen Stra\u00dfennamen und hat bereits vom Bauverwaltungsamt offiziell die Adresse samt Hausnummer zugeteilt bekommen. Eine umst\u00e4ndliche Umbenennung will KEINER &#8211; der Name passt zur Historie des Gebietes und soll bleiben !!!<\/p>\n<p>&#8230;it&#8217;s a sign!<br \/>\n<a href=\"https:\/\/www.amlusthaus.de\/wp-content\/uploads\/2014\/04\/IMG_5083.jpg\"><img loading=\"lazy\" decoding=\"async\" class=\"alignnone size-medium wp-image-2969\" src=\"https:\/\/www.amlusthaus.de\/wp-content\/uploads\/2014\/04\/IMG_5083-1024x681.jpg\" alt=\"IMG_5083\" width=\"1024\" height=\"681\" srcset=\"https:\/\/www.amlusthaus.de\/wp-content\/uploads\/2014\/04\/IMG_5083-1024x681.jpg 1024w, https:\/\/www.amlusthaus.de\/wp-content\/uploads\/2014\/04\/IMG_5083-640x427.jpg 640w, https:\/\/www.amlusthaus.de\/wp-content\/uploads\/2014\/04\/IMG_5083-1280x851.jpg 1280w, https:\/\/www.amlusthaus.de\/wp-content\/uploads\/2014\/04\/IMG_5083-450x300.jpg 450w, https:\/\/www.amlusthaus.de\/wp-content\/uploads\/2014\/04\/IMG_5083.jpg 1818w\" sizes=\"auto, (max-width: 1024px) 100vw, 1024px\" \/><\/a><\/p>\n<p>Auszug der Berichte aus den Medien:<\/p>\n<p><strong>27.01.2017<\/strong><br \/>\n-&gt; <a href=\"http:\/\/www1.wdr.de\/wissen\/strassennamen-uebersichtsseite-100.html\" target=\"_blank\" rel=\"noopener\">WDR.de Der gro\u00dfe Stra\u00dfennamen-Report <\/a><br \/>\n-&gt; TV-Beitrag bei WDR Daheim und Unterwegs<br \/>\n\r\n    <div>        \r\n    <video id=\"plyr6a04c12394cea\" data-poster=\"https:\/\/www.amlusthaus.de\/wp-content\/uploads\/2017\/01\/WDR_D+U_27.01.17_poster.PNG\" controls class=\"easy-video-player\">\r\n       <source src=\"https:\/\/www.amlusthaus.de\/wp-content\/uploads\/2017\/01\/WDR_D+U_27.01.17.mp4\" type=\"video\/mp4\" \/>\r\n    <\/video>\r\n    <\/div>    <script>\r\n        const evplayerplyr6a04c12394cea = new Plyr(document.getElementById('plyr6a04c12394cea'));\r\n        evplayerplyr6a04c12394cea.ratio = '0.56';\r\n        evplayerplyr6a04c12394cea.iconUrl = 'https:\/\/www.amlusthaus.de\/wp-content\/plugins\/easy-video-player\/lib\/plyr.svg';\r\n        evplayerplyr6a04c12394cea.blankVideo = 'https:\/\/www.amlusthaus.de\/wp-content\/plugins\/easy-video-player\/lib\/blank.mp4';  \r\n    <\/script><br \/>\n(<a href=\"https:\/\/www.amlusthaus.de\/wp-content\/uploads\/2017\/01\/WDR_D+U_27.01.17.mp4\" target=\"_blank\" rel=\"noopener\">mp4<\/a> f\u00fcr externen Player)<\/p>\n<p><strong>04.03.2016<\/strong><br \/>\n-&gt; <a href=\"http:\/\/www.rundschau-online.de\/region\/koeln\/verwaltungsgericht-rechtsstreit-um-koelns-frivole-adresse--am-lusthaus--23663550\" target=\"_blank\" rel=\"noopener\">K\u00f6lnische Rundschau<\/a><br \/>\n-&gt; <a href=\"http:\/\/www.ksta.de\/koeln\/-am-lusthaus--koelnerin-scheitert-mit-klage-gegen-strassen-umbenennung-23666354\" target=\"_blank\" rel=\"noopener\">K\u00f6lner Stadt-Anzeiger<\/a><br \/>\n-&gt; <a href=\"http:\/\/www.express.de\/koeln\/koeln-rath-klage-gescheitert--anwohnerin-muss-weiter--am-lusthaus--wohnen--23666900\" target=\"_blank\" rel=\"noopener\">Express<\/a> (mit selbstgebasteltem Schild ;O )<br \/>\n-&gt; TV-Beitrag bei RTL-West (Quelle fehlt)<br \/>\n-&gt; <a href=\"http:\/\/www.bild.de\/regional\/koeln\/strassen-benennung\/lusthaus-hat-keine-nummer-sechs-44812740.bild.html\" target=\"_blank\" rel=\"noopener\">Bild<\/a><\/p>\n<p><strong>03.03.2016<\/strong><br \/>\n-&gt; <a href=\"http:\/\/www.vg-koeln.nrw.de\/behoerde\/presse\/Pressemitteilungen\/Archiv\/2016\/08_160303\/index.php\" target=\"_blank\" rel=\"noopener\">Pressemitteilung des K\u00f6lner Verwaltungsgerichts<\/a><br \/>\n-&gt; TV-Beitrag bei WDR Lokalzeit<br \/>\n\r\n    <div>        \r\n    <video id=\"plyr6a04c12394d1e\" data-poster=\"https:\/\/www.amlusthaus.de\/wp-content\/uploads\/2016\/03\/WDR_Lokalzeit_03.03.16_Am_Lusthaus_poster.PNG\" controls class=\"easy-video-player\">\r\n       <source src=\"https:\/\/www.amlusthaus.de\/wp-content\/uploads\/2016\/03\/WDR_Lokalzeit_03.03.16_Am_Lusthaus.mp4\" type=\"video\/mp4\" \/>\r\n    <\/video>\r\n    <\/div>    <script>\r\n        const evplayerplyr6a04c12394d1e = new Plyr(document.getElementById('plyr6a04c12394d1e'));\r\n        evplayerplyr6a04c12394d1e.ratio = '0.56';\r\n        evplayerplyr6a04c12394d1e.iconUrl = 'https:\/\/www.amlusthaus.de\/wp-content\/plugins\/easy-video-player\/lib\/plyr.svg';\r\n        evplayerplyr6a04c12394d1e.blankVideo = 'https:\/\/www.amlusthaus.de\/wp-content\/plugins\/easy-video-player\/lib\/blank.mp4';  \r\n    <\/script><br \/>\n(<a href=\"https:\/\/www.amlusthaus.de\/wp-content\/uploads\/2016\/03\/WDR_Lokalzeit_03.03.16_Am_Lusthaus.mp4\" target=\"_blank\" rel=\"noopener\">mp4<\/a> f\u00fcr externen Player)<\/p>\n<p><strong>03.05.2015<\/strong><br \/>\n-&gt; <a href=\"https:\/\/www.ksta.de\/koeln\/asylverfahren--rundfunk-gebuehren-und-eine-spielstrasse-diese-faelle-beschaeftigten-das-koelner-verwaltungsgericht-besonders-1696476\" target=\"_blank\" rel=\"noopener\">Diese F\u00e4lle besch\u00e4ftigten das K\u00f6lner Verwaltungsgericht besonders<\/a><\/p>\n<p><strong>17.04.2014<\/strong><br \/>\n-&gt; <a href=\"http:\/\/www.bild.de\/regional\/koeln\/aerger-mit-strassennamen-nicht-jeder-will-35594000.bild.html\" target=\"_blank\" rel=\"noopener\">Bild<\/a><br \/>\n-&gt; <a href=\"http:\/\/www.rp-online.de\/nrw\/staedte\/koeln\/nicht-jeder-will-am-lusthaus-wohnen-aid-1.4181003\" target=\"_blank\" rel=\"noopener\">RP<\/a><br \/>\n-&gt; TV-Beitrag bei ARD Brisant<br \/>\n\r\n    <div>        \r\n    <video id=\"plyr6a04c12394d44\" data-poster=\"https:\/\/www.amlusthaus.de\/wp-content\/uploads\/2014\/04\/ARD-Brisant_Am_Lusthaus_clip_poster.PNG\" controls class=\"easy-video-player\">\r\n       <source src=\"https:\/\/www.amlusthaus.de\/wp-content\/uploads\/2014\/04\/ARD-Brisant_Am_Lusthaus_clip.mp4\" type=\"video\/mp4\" \/>\r\n    <\/video>\r\n    <\/div>    <script>\r\n        const evplayerplyr6a04c12394d44 = new Plyr(document.getElementById('plyr6a04c12394d44'));\r\n        evplayerplyr6a04c12394d44.ratio = '0.56';\r\n        evplayerplyr6a04c12394d44.iconUrl = 'https:\/\/www.amlusthaus.de\/wp-content\/plugins\/easy-video-player\/lib\/plyr.svg';\r\n        evplayerplyr6a04c12394d44.blankVideo = 'https:\/\/www.amlusthaus.de\/wp-content\/plugins\/easy-video-player\/lib\/blank.mp4';  \r\n    <\/script><br \/>\n(<a href=\"https:\/\/www.amlusthaus.de\/wp-content\/uploads\/2014\/04\/ARD-Brisant_Am_Lusthaus_clip.mp4\" target=\"_blank\" rel=\"noopener\">mp4<\/a> f\u00fcr externen Player)<\/p>\n<p><strong>16.04.2014<\/strong><br \/>\n-&gt; <a href=\"http:\/\/mobil.ksta.de\/kalk\/zweideutiger-strassenname-in-koeln-klage-gegen--am-lusthaus-,23742714,26856604.html\" target=\"_blank\" rel=\"noopener\">K\u00f6lner Stadtanzeiger<\/a><br \/>\n-&gt; <a href=\"http:\/\/www.express.de\/koeln\/aerger-in-rath-zoff-um-neue-strasse--am-lusthaus-,2856,26865968.html\" target=\"_blank\" rel=\"noopener\">Express<\/a><\/p>\n","protected":false},"excerpt":{"rendered":"<p>Eine Grundst\u00fcckseigent\u00fcmerin klagte gegen die K\u00f6lner Stadtverwaltung um die Erstbenennung unserer Stra\u00dfe in &#8218;Am Lusthaus&#8216; zu verhindern. Die Mehrheit der Grundst\u00fccksk\u00e4ufer ist mittlerweile F\u00dcR diesen Stra\u00dfennamen und hat bereits vom Bauverwaltungsamt offiziell die Adresse samt Hausnummer zugeteilt bekommen. Eine umst\u00e4ndliche &hellip; <a href=\"https:\/\/www.amlusthaus.de\/?page_id=3188\">Weiterlesen <span class=\"meta-nav\">&rarr;<\/span><\/a><\/p>\n","protected":false},"author":2,"featured_media":0,"parent":0,"menu_order":0,"comment_status":"open","ping_status":"open","template":"","meta":{"ngg_post_thumbnail":0,"footnotes":""},"class_list":["post-3188","page","type-page","status-publish","hentry"],"jetpack_likes_enabled":true,"jetpack_sharing_enabled":true,"_links":{"self":[{"href":"https:\/\/www.amlusthaus.de\/index.php?rest_route=\/wp\/v2\/pages\/3188","targetHints":{"allow":["GET"]}}],"collection":[{"href":"https:\/\/www.amlusthaus.de\/index.php?rest_route=\/wp\/v2\/pages"}],"about":[{"href":"https:\/\/www.amlusthaus.de\/index.php?rest_route=\/wp\/v2\/types\/page"}],"author":[{"embeddable":true,"href":"https:\/\/www.amlusthaus.de\/index.php?rest_route=\/wp\/v2\/users\/2"}],"replies":[{"embeddable":true,"href":"https:\/\/www.amlusthaus.de\/index.php?rest_route=%2Fwp%2Fv2%2Fcomments&post=3188"}],"version-history":[{"count":37,"href":"https:\/\/www.amlusthaus.de\/index.php?rest_route=\/wp\/v2\/pages\/3188\/revisions"}],"predecessor-version":[{"id":12567,"href":"https:\/\/www.amlusthaus.de\/index.php?rest_route=\/wp\/v2\/pages\/3188\/revisions\/12567"}],"wp:attachment":[{"href":"https:\/\/www.amlusthaus.de\/index.php?rest_route=%2Fwp%2Fv2%2Fmedia&parent=3188"}],"curies":[{"name":"wp","href":"https:\/\/api.w.org\/{rel}","templated":true}]}}