{"id":12378,"date":"2017-03-11T10:10:19","date_gmt":"2017-03-11T08:10:19","guid":{"rendered":"http:\/\/www.amlusthaus.de\/?page_id=12378"},"modified":"2017-12-05T17:25:40","modified_gmt":"2017-12-05T15:25:40","slug":"am-lusthaus-von-oben","status":"publish","type":"page","link":"https:\/\/www.amlusthaus.de\/?page_id=12378","title":{"rendered":"&#8218;Am Lusthaus&#8216; von oben"},"content":{"rendered":"<p>&#8230;das sp\u00e4tere Baugebiet um 2009 herum, Fl\u00e4che -rund 16.000qm- wurde als Wiesen \/ G\u00e4rten genutzt<br \/>\n<a href=\"https:\/\/www.amlusthaus.de\/wp-content\/uploads\/2017\/03\/google_maps_2011.png\"><img loading=\"lazy\" decoding=\"async\" class=\"alignnone size-thumbnail wp-image-12354\" src=\"https:\/\/www.amlusthaus.de\/wp-content\/uploads\/2017\/03\/google_maps_2011-640x299.png\" alt=\"\" width=\"640\" height=\"299\"><\/a><\/p>\n<p>&#8230;bis 2013, unten links -rote D\u00e4cher- die neue Hinterlandbebauung der L\u00fctzerathstr. bereits vorhanden<br \/>\n<a href=\"https:\/\/www.amlusthaus.de\/wp-content\/uploads\/2017\/03\/karten_2013.png\"><img loading=\"lazy\" decoding=\"async\" class=\"alignnone size-thumbnail wp-image-12357\" src=\"https:\/\/www.amlusthaus.de\/wp-content\/uploads\/2017\/03\/karten_2013-640x427.png\" alt=\"\" width=\"640\" height=\"427\"><\/a><\/p>\n<p>&#8230;Sommer 2015, Bauaktivit\u00e4t der einzelnen Bauherren gr\u00f6\u00dftenteils abgeschlossen, Baustrasse noch vorhanden<br \/>\n<a href=\"https:\/\/www.amlusthaus.de\/wp-content\/uploads\/2017\/03\/google_maps_sommer2015.png\"><img loading=\"lazy\" decoding=\"async\" class=\"alignnone size-thumbnail wp-image-12355\" src=\"https:\/\/www.amlusthaus.de\/wp-content\/uploads\/2017\/03\/google_maps_sommer2015-640x384.png\" alt=\"\" width=\"640\" height=\"384\"><\/a><br \/>\n(am heissesten Tag des Jahres werden hier gerade ca. 1000qm Rollrasen verlegt -untere Bildh\u00e4lfte mittig bis rechter Bildrand- Bew\u00e4sserung erfolgte die folgenden Tage mit C-Schlauch \ud83d\ude09 )<\/p>\n<p>&#8230;ein Ausschnitt, auf den Tag zu datieren &#8211; 28. September 2015! &#8211; Stra\u00dfenbau in vollem Gange, Steiger setzt Stra\u00dfenlaterne zw. 8 und 10<br \/>\n<a href=\"https:\/\/www.amlusthaus.de\/wp-content\/uploads\/2017\/03\/google_maps_28.09.2017.jpeg\"><img loading=\"lazy\" decoding=\"async\" class=\"alignnone size-thumbnail wp-image-12363\" src=\"https:\/\/www.amlusthaus.de\/wp-content\/uploads\/2017\/03\/google_maps_28.09.2017-640x427.jpeg\" alt=\"\" width=\"640\" height=\"427\"><\/a><\/p>\n<p>&#8230;Sommer 2016, Planstra\u00dfe fertiggestellt, Rollr\u00e4sen ausgerollt<br \/>\n<a href=\"https:\/\/www.amlusthaus.de\/wp-content\/uploads\/2017\/03\/google_maps_sommer2016.png\"><img loading=\"lazy\" decoding=\"async\" class=\"alignnone size-thumbnail wp-image-12356\" src=\"https:\/\/www.amlusthaus.de\/wp-content\/uploads\/2017\/03\/google_maps_sommer2016-640x368.png\" alt=\"\" width=\"640\" height=\"368\"><\/a><\/p>\n<p>&#8230;ein Anflug auf CGN, Sp\u00e4tsommer 2016<br \/>\n<a href=\"https:\/\/www.amlusthaus.de\/wp-content\/uploads\/2017\/03\/anflug_CGN_08_2016.jpeg\"><img loading=\"lazy\" decoding=\"async\" class=\"alignnone size-thumbnail wp-image-12353\" src=\"https:\/\/www.amlusthaus.de\/wp-content\/uploads\/2017\/03\/anflug_CGN_08_2016-640x427.jpeg\" alt=\"\" width=\"640\" height=\"427\"><\/a><\/p>\n","protected":false},"excerpt":{"rendered":"<p>&#8230;das sp\u00e4tere Baugebiet um 2009 herum, Fl\u00e4che -rund 16.000qm- wurde als Wiesen \/ G\u00e4rten genutzt &#8230;bis 2013, unten links -rote D\u00e4cher- die neue Hinterlandbebauung der L\u00fctzerathstr. bereits vorhanden &#8230;Sommer 2015, Bauaktivit\u00e4t der einzelnen Bauherren gr\u00f6\u00dftenteils abgeschlossen, Baustrasse noch vorhanden (am &hellip; <a href=\"https:\/\/www.amlusthaus.de\/?page_id=12378\">Weiterlesen <span class=\"meta-nav\">&rarr;<\/span><\/a><\/p>\n","protected":false},"author":2,"featured_media":0,"parent":0,"menu_order":0,"comment_status":"closed","ping_status":"closed","template":"","meta":{"ngg_post_thumbnail":0,"footnotes":""},"class_list":["post-12378","page","type-page","status-publish","hentry"],"jetpack_likes_enabled":true,"jetpack_sharing_enabled":true,"_links":{"self":[{"href":"https:\/\/www.amlusthaus.de\/index.php?rest_route=\/wp\/v2\/pages\/12378","targetHints":{"allow":["GET"]}}],"collection":[{"href":"https:\/\/www.amlusthaus.de\/index.php?rest_route=\/wp\/v2\/pages"}],"about":[{"href":"https:\/\/www.amlusthaus.de\/index.php?rest_route=\/wp\/v2\/types\/page"}],"author":[{"embeddable":true,"href":"https:\/\/www.amlusthaus.de\/index.php?rest_route=\/wp\/v2\/users\/2"}],"replies":[{"embeddable":true,"href":"https:\/\/www.amlusthaus.de\/index.php?rest_route=%2Fwp%2Fv2%2Fcomments&post=12378"}],"version-history":[{"count":3,"href":"https:\/\/www.amlusthaus.de\/index.php?rest_route=\/wp\/v2\/pages\/12378\/revisions"}],"predecessor-version":[{"id":12564,"href":"https:\/\/www.amlusthaus.de\/index.php?rest_route=\/wp\/v2\/pages\/12378\/revisions\/12564"}],"wp:attachment":[{"href":"https:\/\/www.amlusthaus.de\/index.php?rest_route=%2Fwp%2Fv2%2Fmedia&parent=12378"}],"curies":[{"name":"wp","href":"https:\/\/api.w.org\/{rel}","templated":true}]}}